{"id":149,"date":"2021-06-04T02:19:27","date_gmt":"2021-06-04T00:19:27","guid":{"rendered":"https:\/\/www.comment-jouer-sur-pc-a.fr\/?page_id=149"},"modified":"2021-07-26T17:24:22","modified_gmt":"2021-07-26T15:24:22","slug":"jeu","status":"publish","type":"page","link":"https:\/\/www.comment-jouer-sur-pc-a.fr\/de\/spiel\/","title":{"rendered":"Handyspiel, die Liste unserer Tutorials"},"content":{"rendered":"<h1>Handyspiel, die Liste unserer Handyspiel-Tutorials<\/h1>\n<p>Hier finden Sie die Liste aller unserer Handyspiele, die Sie auf unserer Website finden k\u00f6nnen.<\/p>\n<p>Sowie alle Spielkategorien.<\/p>\n<h2>Aktie :<\/h2>\n<blockquote class=\"wp-embedded-content\" data-secret=\"ca4OePPHAx\"><p><a href=\"https:\/\/www.comment-jouer-sur-pc-a.fr\/de\/die-verfugbaren-aktiensatze\/\">Actionspiele verf\u00fcgbar!<\/a><\/p><\/blockquote>\n<p><iframe class=\"wp-embedded-content\" sandbox=\"allow-scripts\" security=\"restricted\" style=\"position: absolute; clip: rect(1px, 1px, 1px, 1px);\" title=\"\u201eDie verf\u00fcgbaren Actionspiele! \u2014 Wie man auf dem PC spielt\" src=\"https:\/\/www.comment-jouer-sur-pc-a.fr\/les-jeux-d-actions-disponibles\/embed\/#?secret=ca4OePPHAx\" data-secret=\"ca4OePPHAx\" width=\"600\" height=\"338\" frameborder=\"0\" marginwidth=\"0\" marginheight=\"0\" scrolling=\"no\"><\/iframe><\/p>\n<h2>Arkade:<\/h2>\n<blockquote class=\"wp-embedded-content\" data-secret=\"fHKdvvybRV\"><p><a href=\"https:\/\/www.comment-jouer-sur-pc-a.fr\/de\/die-verfugbaren-darkspace-spiele\/\">Arcade-Spiele verf\u00fcgbar!<\/a><\/p><\/blockquote>\n<p><iframe class=\"wp-embedded-content\" sandbox=\"allow-scripts\" security=\"restricted\" style=\"position: absolute; clip: rect(1px, 1px, 1px, 1px);\" title=\"\u201eArcade-Spiele verf\u00fcgbar! \u2014 Wie man auf dem PC spielt\" src=\"https:\/\/www.comment-jouer-sur-pc-a.fr\/les-jeux-darcades-disponibles\/embed\/#?secret=fHKdvvybRV\" data-secret=\"fHKdvvybRV\" width=\"600\" height=\"338\" frameborder=\"0\" marginwidth=\"0\" marginheight=\"0\" scrolling=\"no\"><\/iframe><\/p>\n<h2>Abenteuer :<\/h2>\n<blockquote class=\"wp-embedded-content\" data-secret=\"UXiAdT6YST\"><p><a href=\"https:\/\/www.comment-jouer-sur-pc-a.fr\/de\/verfugbare-abenteuerspiele\/\">Abenteuerspiele verf\u00fcgbar!<\/a><\/p><\/blockquote>\n<p><iframe class=\"wp-embedded-content\" sandbox=\"allow-scripts\" security=\"restricted\" style=\"position: absolute; clip: rect(1px, 1px, 1px, 1px);\" title=\"\u201eAbenteuerspiele verf\u00fcgbar! \u2014 Wie man auf dem PC spielt\" src=\"https:\/\/www.comment-jouer-sur-pc-a.fr\/les-jeux-daventures-disponibles\/embed\/#?secret=UXiAdT6YST\" data-secret=\"UXiAdT6YST\" width=\"600\" height=\"338\" frameborder=\"0\" marginwidth=\"0\" marginheight=\"0\" scrolling=\"no\"><\/iframe><\/p>\n<h2>Rollenspiel :<\/h2>\n<blockquote class=\"wp-embedded-content\" data-secret=\"frvnh0kow5\"><p><a href=\"https:\/\/www.comment-jouer-sur-pc-a.fr\/de\/die-verfugbaren-rollenspiele\/\">Rollenspiele verf\u00fcgbar!<\/a><\/p><\/blockquote>\n<p><iframe class=\"wp-embedded-content\" sandbox=\"allow-scripts\" security=\"restricted\" style=\"position: absolute; clip: rect(1px, 1px, 1px, 1px);\" title=\"\u201eRollenspiele verf\u00fcgbar! \u2014 Wie man auf dem PC spielt\" src=\"https:\/\/www.comment-jouer-sur-pc-a.fr\/les-jeux-de-roles-disponibles\/embed\/#?secret=frvnh0kow5\" data-secret=\"frvnh0kow5\" width=\"600\" height=\"338\" frameborder=\"0\" marginwidth=\"0\" marginheight=\"0\" scrolling=\"no\"><\/iframe><\/p>\n<h2>Betrachtung :<\/h2>\n<blockquote class=\"wp-embedded-content\" data-secret=\"j0Di4XVRCA\"><p><a href=\"https:\/\/www.comment-jouer-sur-pc-a.fr\/de\/die-verfugbaren-reflexionsspiele\/\">Puzzlespiele verf\u00fcgbar!<\/a><\/p><\/blockquote>\n<p><iframe class=\"wp-embedded-content\" sandbox=\"allow-scripts\" security=\"restricted\" style=\"position: absolute; clip: rect(1px, 1px, 1px, 1px);\" title=\"\u201eReflexionsspiele verf\u00fcgbar! \u2014 Wie man auf dem PC spielt\" src=\"https:\/\/www.comment-jouer-sur-pc-a.fr\/les-jeux-de-reflexions-disponibles\/embed\/#?secret=j0Di4XVRCA\" data-secret=\"j0Di4XVRCA\" width=\"600\" height=\"338\" frameborder=\"0\" marginwidth=\"0\" marginheight=\"0\" scrolling=\"no\"><\/iframe><\/p>\n<h2>Allgemeine \u00f6ffentliche Spiele:<\/h2>\n<blockquote class=\"wp-embedded-content\" data-secret=\"NOGV66tWIr\"><p><a href=\"https:\/\/www.comment-jouer-sur-pc-a.fr\/de\/verfugbare-spiele-fur-die-allgemeinheit\/\">Allgemeine \u00f6ffentliche Spiele verf\u00fcgbar!<\/a><\/p><\/blockquote>\n<p><iframe class=\"wp-embedded-content\" sandbox=\"allow-scripts\" security=\"restricted\" style=\"position: absolute; clip: rect(1px, 1px, 1px, 1px);\" title=\"\u201eVerbraucherspiele verf\u00fcgbar! \u2014 Wie man auf dem PC spielt\" src=\"https:\/\/www.comment-jouer-sur-pc-a.fr\/les-jeux-grand-public-disponibles\/embed\/#?secret=NOGV66tWIr\" data-secret=\"NOGV66tWIr\" width=\"600\" height=\"338\" frameborder=\"0\" marginwidth=\"0\" marginheight=\"0\" scrolling=\"no\"><\/iframe><\/p>\n<h2>Simulation:<\/h2>\n<blockquote class=\"wp-embedded-content\" data-secret=\"EzAgc9YMKi\"><p><a href=\"https:\/\/www.comment-jouer-sur-pc-a.fr\/de\/die-verfugbaren-simulationssatze\/\">Simulationsspiele verf\u00fcgbar!<\/a><\/p><\/blockquote>\n<p><iframe class=\"wp-embedded-content\" sandbox=\"allow-scripts\" security=\"restricted\" style=\"position: absolute; clip: rect(1px, 1px, 1px, 1px);\" title=\"\u201eSimulationsspiele verf\u00fcgbar! \u2014 Wie man auf dem PC spielt\" src=\"https:\/\/www.comment-jouer-sur-pc-a.fr\/les-jeux-de-simulations-disponibles\/embed\/#?secret=EzAgc9YMKi\" data-secret=\"EzAgc9YMKi\" width=\"600\" height=\"338\" frameborder=\"0\" marginwidth=\"0\" marginheight=\"0\" scrolling=\"no\"><\/iframe><\/p>\n<h2>Strategie :<\/h2>\n<blockquote class=\"wp-embedded-content\" data-secret=\"VW0EmXrfiN\"><p><a href=\"https:\/\/www.comment-jouer-sur-pc-a.fr\/de\/die-verfugbaren-strategiespiele\/\">Strategiespiele verf\u00fcgbar!<\/a><\/p><\/blockquote>\n<p><iframe class=\"wp-embedded-content\" sandbox=\"allow-scripts\" security=\"restricted\" style=\"position: absolute; clip: rect(1px, 1px, 1px, 1px);\" title=\"\u201eStrategiespiele verf\u00fcgbar! \u2014 Wie man auf dem PC spielt\" src=\"https:\/\/www.comment-jouer-sur-pc-a.fr\/les-jeux-de-strategies-disponibles\/embed\/#?secret=VW0EmXrfiN\" data-secret=\"VW0EmXrfiN\" width=\"600\" height=\"338\" frameborder=\"0\" marginwidth=\"0\" marginheight=\"0\" scrolling=\"no\"><\/iframe><\/p>\n<p>&nbsp;<\/p>","protected":false},"excerpt":{"rendered":"<p>Handyspiel, die Liste unserer Handyspiel-Tutorials Hier findest du eine Liste aller unserer Handyspiele, die du auf unserer Website finden kannst. Sowie alle Spielkategorien. Action: Die verf\u00fcgbaren Actionspiele! Arcade: Die verf\u00fcgbaren Arcade-Spiele! Abenteuer: Die verf\u00fcgbaren Abenteuerspiele! Spiele von ... <a title=\"Handyspiel, die Liste unserer Tutorials\" class=\"read-more\" href=\"https:\/\/www.comment-jouer-sur-pc-a.fr\/de\/spiel\/\" aria-label=\"Read more about Handyspiel, die Liste unserer Tutorials\">Read more<\/a><\/p>","protected":false},"author":1,"featured_media":0,"parent":0,"menu_order":0,"comment_status":"closed","ping_status":"closed","template":"","meta":{"footnotes":""},"_links":{"self":[{"href":"https:\/\/www.comment-jouer-sur-pc-a.fr\/de\/wp-json\/wp\/v2\/pages\/149"}],"collection":[{"href":"https:\/\/www.comment-jouer-sur-pc-a.fr\/de\/wp-json\/wp\/v2\/pages"}],"about":[{"href":"https:\/\/www.comment-jouer-sur-pc-a.fr\/de\/wp-json\/wp\/v2\/types\/page"}],"author":[{"embeddable":true,"href":"https:\/\/www.comment-jouer-sur-pc-a.fr\/de\/wp-json\/wp\/v2\/users\/1"}],"replies":[{"embeddable":true,"href":"https:\/\/www.comment-jouer-sur-pc-a.fr\/de\/wp-json\/wp\/v2\/comments?post=149"}],"version-history":[{"count":2,"href":"https:\/\/www.comment-jouer-sur-pc-a.fr\/de\/wp-json\/wp\/v2\/pages\/149\/revisions"}],"predecessor-version":[{"id":3544,"href":"https:\/\/www.comment-jouer-sur-pc-a.fr\/de\/wp-json\/wp\/v2\/pages\/149\/revisions\/3544"}],"wp:attachment":[{"href":"https:\/\/www.comment-jouer-sur-pc-a.fr\/de\/wp-json\/wp\/v2\/media?parent=149"}],"curies":[{"name":"wp","href":"https:\/\/api.w.org\/{rel}","templated":true}]}}