{"id":304,"date":"2021-06-08T17:27:57","date_gmt":"2021-06-08T15:27:57","guid":{"rendered":"https:\/\/www.comment-jouer-sur-pc-a.fr\/?page_id=304"},"modified":"2022-11-10T09:21:02","modified_gmt":"2022-11-10T08:21:02","slug":"les-jeux-mobiles-du-moment","status":"publish","type":"page","link":"https:\/\/www.comment-jouer-sur-pc-a.fr\/de\/die-aktuellen-handyspiele\/","title":{"rendered":"Die mobilen Spiele des Augenblicks!"},"content":{"rendered":"<p>Liste der Handyspiele des Augenblicks, alle Handyspiele, die im Moment in Mode sind. Wir geben Ihnen die Liste der aktuellen Spiele, damit Sie sie direkt auf Ihrem Computer testen k\u00f6nnen.<\/p>\n<h2>Liste der aktuellen Spiele nach Genre:<\/h2>\n<h3>Aktie :<\/h3>\n<table dir=\"ltr\" border=\"1\" cellspacing=\"0\" cellpadding=\"0\">\n<colgroup>\n<col width=\"377\" \/><\/colgroup>\n<tbody>\n<tr>\n<td data-sheets-value=\"{&quot;1&quot;:2,&quot;2&quot;:&quot;Brawl Stars&quot;}\" data-sheets-hyperlink=\"https:\/\/www.comment-jouer-sur-pc-a.fr\/comment-jouer-a-brawl-stars-sur-pc-ordinateur\/\"><a class=\"in-cell-link\" href=\"https:\/\/www.comment-jouer-sur-pc-a.fr\/de\/wie-man-brawl-stars-auf-pc-computer-spielt\/\" target=\"_blank\" rel=\"noopener\">Brawl Stars<\/a><\/td>\n<\/tr>\n<tr>\n<td data-sheets-value=\"{&quot;1&quot;:2,&quot;2&quot;:&quot;Garena Free Fire&quot;}\" data-sheets-hyperlink=\"https:\/\/www.comment-jouer-sur-pc-a.fr\/comment-jouer-a-garena-free-fire-sur-pc-ordinateur\/\"><a class=\"in-cell-link\" href=\"https:\/\/www.comment-jouer-sur-pc-a.fr\/de\/wie-man-garena-free-fire-auf-pc-computer-spielt\/\" target=\"_blank\" rel=\"noopener\">Garena Freies Feuer<\/a><\/td>\n<\/tr>\n<tr>\n<td data-sheets-value=\"{&quot;1&quot;:2,&quot;2&quot;:&quot;Among Us&quot;}\" data-sheets-hyperlink=\"https:\/\/www.comment-jouer-sur-pc-a.fr\/comment-jouer-a-among-us-sur-pc-ordinateur\/\"><a class=\"in-cell-link\" href=\"https:\/\/www.comment-jouer-sur-pc-a.fr\/de\/wie-man-among-us-auf-pc-computer-spielt\/\" target=\"_blank\" rel=\"noopener\">Unter uns<\/a><\/td>\n<\/tr>\n<tr>\n<td data-sheets-value=\"{&quot;1&quot;:2,&quot;2&quot;:&quot;DRAGON BALL LEGENDS&quot;}\" data-sheets-hyperlink=\"https:\/\/www.comment-jouer-sur-pc-a.fr\/comment-jouer-a-dragon-ball-legends-sur-pc-ordinateur\/\"><a class=\"in-cell-link\" href=\"https:\/\/www.comment-jouer-sur-pc-a.fr\/de\/wie-man-dragon-ball-legends-auf-pc-computer-spielt\/\" target=\"_blank\" rel=\"noopener\">DRAGON BALL LEGENDEN<\/a><\/td>\n<\/tr>\n<tr>\n<td data-sheets-value=\"{&quot;1&quot;:2,&quot;2&quot;:&quot;PUBG MOBILE&quot;}\" data-sheets-hyperlink=\"https:\/\/www.comment-jouer-sur-pc-a.fr\/comment-jouer-a-pubg-mobile-sur-pc-ordinateur\/\"><a class=\"in-cell-link\" href=\"https:\/\/www.comment-jouer-sur-pc-a.fr\/de\/wie-man-pubg-mobile-auf-pc-computer-spielt\/\" target=\"_blank\" rel=\"noopener\">PUBG-MOBILE<\/a><\/td>\n<\/tr>\n<tr>\n<td data-sheets-value=\"{&quot;1&quot;:2,&quot;2&quot;:&quot;Pok\u00e9mon unite&quot;}\" data-sheets-hyperlink=\"https:\/\/www.comment-jouer-sur-pc-a.fr\/comment-jouer-a-pokemon-unite-sur-pc-ordinateur\/\"><a class=\"in-cell-link\" href=\"https:\/\/www.comment-jouer-sur-pc-a.fr\/de\/wie-man-pokemon-unite-auf-pc-computer-spielt\/\" target=\"_blank\" rel=\"noopener\">Pok\u00e9mon-Einheit<\/a><\/td>\n<\/tr>\n<tr>\n<td data-sheets-value=\"{&quot;1&quot;:2,&quot;2&quot;:&quot;PUBG: NEW STATE&quot;}\" data-sheets-hyperlink=\"https:\/\/www.comment-jouer-sur-pc-a.fr\/comment-jouer-a-pubg-new-state-sur-pc-ordinateur\/\"><a class=\"in-cell-link\" href=\"https:\/\/www.comment-jouer-sur-pc-a.fr\/de\/wie-man-pubg-new-state-auf-pc-computer-spielt\/\" target=\"_blank\" rel=\"noopener\">PUBG: NEUER STAAT<\/a><\/td>\n<\/tr>\n<tr>\n<td data-sheets-value=\"{&quot;1&quot;:2,&quot;2&quot;:&quot;Blob Hero&quot;}\" data-sheets-hyperlink=\"https:\/\/www.comment-jouer-sur-pc-a.fr\/comment-jouer-a-blob-hero-sur-pc-ordinateur\/\"><a class=\"in-cell-link\" href=\"https:\/\/www.comment-jouer-sur-pc-a.fr\/de\/wie-man-blob-hero-auf-pc-computer-spielt\/\" target=\"_blank\" rel=\"noopener\">Blob-Held<\/a><\/td>\n<\/tr>\n<tr>\n<td data-sheets-value=\"{&quot;1&quot;:2,&quot;2&quot;:&quot;ECHOES of MANA&quot;}\" data-sheets-hyperlink=\"https:\/\/www.comment-jouer-sur-pc-a.fr\/comment-jouer-a-echoes-of-mana-sur-pc-ordinateur\/\"><a class=\"in-cell-link\" href=\"https:\/\/www.comment-jouer-sur-pc-a.fr\/de\/wie-man-echoes-of-mana-auf-pc-computer-spielt\/\" target=\"_blank\" rel=\"noopener\">ECHOS von MANA<\/a><\/td>\n<\/tr>\n<\/tbody>\n<\/table>\n<h3>Abenteuer :<\/h3>\n<table dir=\"ltr\" border=\"1\" cellspacing=\"0\" cellpadding=\"0\">\n<colgroup>\n<col width=\"238\" \/><\/colgroup>\n<tbody>\n<tr>\n<td data-sheets-value=\"{&quot;1&quot;:2,&quot;2&quot;:&quot;Roblox&quot;}\" data-sheets-hyperlink=\"https:\/\/www.comment-jouer-sur-pc-a.fr\/comment-jouer-a-roblox-sur-pc-ordinateur\/\"><a class=\"in-cell-link\" href=\"https:\/\/www.comment-jouer-sur-pc-a.fr\/de\/wie-man-roblox-auf-dem-pc-computer-spielt\/\" target=\"_blank\" rel=\"noopener\">Roblox<\/a><\/td>\n<\/tr>\n<tr>\n<td data-sheets-value=\"{&quot;1&quot;:2,&quot;2&quot;:&quot;Stranger Things: 1984&quot;}\" data-sheets-hyperlink=\"https:\/\/www.comment-jouer-sur-pc-a.fr\/comment-jouer-a-stranger-things-1984-sur-pc-ordinateur\/\"><a class=\"in-cell-link\" href=\"https:\/\/www.comment-jouer-sur-pc-a.fr\/de\/wie-man-stranger-things-1984-auf-pc-computer-spielt\/\" target=\"_blank\" rel=\"noopener\">Fremde Dinge: 1984<\/a><\/td>\n<\/tr>\n<tr>\n<td data-sheets-value=\"{&quot;1&quot;:2,&quot;2&quot;:&quot;Pikmin Bloom&quot;}\" data-sheets-hyperlink=\"https:\/\/www.comment-jouer-sur-pc-a.fr\/comment-jouer-a-pikmin-bloom-sur-pc-ordinateur\/\"><a class=\"in-cell-link\" href=\"https:\/\/www.comment-jouer-sur-pc-a.fr\/de\/wie-man-pikmin-bloom-auf-dem-pc-computer-spielt\/\" target=\"_blank\" rel=\"noopener\">Pikmin-Bl\u00fcte<\/a><\/td>\n<\/tr>\n<\/tbody>\n<\/table>\n<h3><span data-sheets-value=\"{&quot;1&quot;:2,&quot;2&quot;:&quot;Jeux de r\u00f4les&quot;}\" data-sheets-userformat=\"{&quot;2&quot;:15297,&quot;3&quot;:{&quot;1&quot;:0},&quot;9&quot;:0,&quot;10&quot;:2,&quot;11&quot;:0,&quot;12&quot;:0,&quot;14&quot;:[null,2,0],&quot;15&quot;:&quot;Calibri, sans-serif&quot;,&quot;16&quot;:12}\">Rollenspiel :<\/span><\/h3>\n<table dir=\"ltr\" border=\"1\" cellspacing=\"0\" cellpadding=\"0\">\n<colgroup>\n<col width=\"196\" \/><\/colgroup>\n<tbody>\n<tr>\n<td data-sheets-value=\"{&quot;1&quot;:2,&quot;2&quot;:&quot;Epic Seven&quot;}\" data-sheets-hyperlink=\"https:\/\/www.comment-jouer-sur-pc-a.fr\/comment-jouer-a-epic-seven-sur-pc-ordinateur\/\"><a class=\"in-cell-link\" href=\"https:\/\/www.comment-jouer-sur-pc-a.fr\/de\/wie-man-epic-seven-auf-pc-computer-spielt\/\" target=\"_blank\" rel=\"noopener\">Epische Sieben<\/a><\/td>\n<\/tr>\n<tr>\n<td data-sheets-value=\"{&quot;1&quot;:2,&quot;2&quot;:&quot;Black Desert Mobile&quot;}\" data-sheets-hyperlink=\"https:\/\/www.comment-jouer-sur-pc-a.fr\/comment-jouer-a-black-desert-mobile-sur-pc-ordinateur\/\"><a class=\"in-cell-link\" href=\"https:\/\/www.comment-jouer-sur-pc-a.fr\/de\/wie-man-black-desert-mobile-auf-pc-computer-spielt\/\" target=\"_blank\" rel=\"noopener\">Schwarzes W\u00fcstenmobil<\/a><\/td>\n<\/tr>\n<tr>\n<td data-sheets-value=\"{&quot;1&quot;:2,&quot;2&quot;:&quot;Princess Connect! Re: Dive&quot;}\" data-sheets-hyperlink=\"https:\/\/www.comment-jouer-sur-pc-a.fr\/comment-jouer-a-princess-connect-re-dive-sur-pc-ordinateur\/\"><a class=\"in-cell-link\" href=\"https:\/\/www.comment-jouer-sur-pc-a.fr\/de\/wie-man-princess-connect-re-dive-auf-pc-computer-spielt\/\" target=\"_blank\" rel=\"noopener\">Prinzessin Connect! Re: Tauchen<\/a><\/td>\n<\/tr>\n<tr>\n<td data-sheets-value=\"{&quot;1&quot;:2,&quot;2&quot;:&quot;Final Gear&quot;}\" data-sheets-hyperlink=\"https:\/\/www.comment-jouer-sur-pc-a.fr\/comment-jouer-a-final-gear-sur-pc-ordinateur\/\"><a class=\"in-cell-link\" href=\"https:\/\/www.comment-jouer-sur-pc-a.fr\/de\/wie-man-final-gear-auf-einem-pc-computer-spielt\/\" target=\"_blank\" rel=\"noopener\">Letzter Gang<\/a><\/td>\n<\/tr>\n<tr>\n<td data-sheets-value=\"{&quot;1&quot;:2,&quot;2&quot;:&quot;Tales of Luminaria&quot;}\" data-sheets-hyperlink=\"https:\/\/www.comment-jouer-sur-pc-a.fr\/comment-jouer-a-tales-of-luminaria-sur-pc\"><a class=\"in-cell-link\" href=\"https:\/\/www.comment-jouer-sur-pc-a.fr\/de\/comment-jouer-a-tales-of-luminaria-sur-pc\/\" target=\"_blank\" rel=\"noopener\">Geschichten von Luminaria<\/a><\/td>\n<\/tr>\n<tr>\n<td data-sheets-value=\"{&quot;1&quot;:2,&quot;2&quot;:&quot;Awaken : Chaos Era&quot;}\" data-sheets-hyperlink=\"https:\/\/www.comment-jouer-sur-pc-a.fr\/comment-jouer-a-awaken-chaos-era-sur-pc-ordinateur\/\"><a class=\"in-cell-link\" href=\"https:\/\/www.comment-jouer-sur-pc-a.fr\/de\/wie-man-awaken-chaos-era-auf-pc-computer-spielt\/\" target=\"_blank\" rel=\"noopener\">Erwachen: Chaos-\u00c4ra<\/a><\/td>\n<\/tr>\n<tr>\n<td data-sheets-value=\"{&quot;1&quot;:2,&quot;2&quot;:&quot;My Hero Academia : Ultra Impact&quot;}\" data-sheets-hyperlink=\"https:\/\/www.comment-jouer-sur-pc-a.fr\/comment-jouer-a-my-hero-academia-ultra-impact-sur-pc-ordinateur\/\">\n<div>\n<div><a class=\"in-cell-link\" href=\"https:\/\/www.comment-jouer-sur-pc-a.fr\/de\/wie-man-my-hero-academia-ultra-impact-auf-pc-computer-spielt\/\" target=\"_blank\" rel=\"noopener\">My Hero Academia: Ultra Impact<\/a><\/div>\n<\/div>\n<\/td>\n<\/tr>\n<tr>\n<td data-sheets-value=\"{&quot;1&quot;:2,&quot;2&quot;:&quot;Shattered Pixel Dungeon&quot;}\" data-sheets-hyperlink=\"https:\/\/www.comment-jouer-sur-pc-a.fr\/comment-jouer-a-shattered-pixel-dungeon-sur-pc-ordinateur\/\"><a class=\"in-cell-link\" href=\"https:\/\/www.comment-jouer-sur-pc-a.fr\/de\/wie-man-shattered-pixel-dungeon-auf-pc-computer-spielt\/\" target=\"_blank\" rel=\"noopener\">Zerschmetterter Pixel-Dungeon<\/a><\/td>\n<\/tr>\n<tr>\n<td data-sheets-value=\"{&quot;1&quot;:2,&quot;2&quot;:&quot;Dislyte&quot;}\" data-sheets-hyperlink=\"https:\/\/www.comment-jouer-sur-pc-a.fr\/comment-jouer-a-dislyte-sur-pc-ordinateur\/\"><a class=\"in-cell-link\" href=\"https:\/\/www.comment-jouer-sur-pc-a.fr\/de\/wie-man-dislyte-auf-dem-pc-computer-spielt\/\" target=\"_blank\" rel=\"noopener\">Dislyte<\/a><\/td>\n<\/tr>\n<tr>\n<td data-sheets-value=\"{&quot;1&quot;:2,&quot;2&quot;:&quot; Archer Forest&quot;}\" data-sheets-hyperlink=\"https:\/\/www.comment-jouer-sur-pc-a.fr\/comment-jouer-a-archer-forest-sur-pc-ordinateur\/\"><a class=\"in-cell-link\" href=\"https:\/\/www.comment-jouer-sur-pc-a.fr\/de\/wie-man-archer-forest-auf-pc-computer-spielt\/\" target=\"_blank\" rel=\"noopener\"> Bogensch\u00fctzenwald<\/a><\/td>\n<\/tr>\n<\/tbody>\n<\/table>\n<h3><span data-sheets-value=\"{&quot;1&quot;:2,&quot;2&quot;:&quot;Sports&quot;}\" data-sheets-userformat=\"{&quot;2&quot;:15297,&quot;3&quot;:{&quot;1&quot;:0},&quot;9&quot;:0,&quot;10&quot;:2,&quot;11&quot;:0,&quot;12&quot;:0,&quot;14&quot;:[null,2,0],&quot;15&quot;:&quot;Calibri, sans-serif&quot;,&quot;16&quot;:12}\">Sport:<\/span><\/h3>\n<table dir=\"ltr\" border=\"1\" cellspacing=\"0\" cellpadding=\"0\">\n<colgroup>\n<col width=\"197\" \/><\/colgroup>\n<tbody>\n<tr>\n<td data-sheets-value=\"{&quot;1&quot;:2,&quot;2&quot;:&quot;Captain Tsubasa&quot;}\" data-sheets-hyperlink=\"https:\/\/www.comment-jouer-sur-pc-a.fr\/comment-jouer-a-captain-tsubasa-dream-team-sur-pc-ordinateur\/\"><a class=\"in-cell-link\" href=\"https:\/\/www.comment-jouer-sur-pc-a.fr\/de\/wie-man-captain-tsubasa-dream-team-auf-pc-computer-spielt\/\" target=\"_blank\" rel=\"noopener\">Kapit\u00e4n Tsubasa<\/a><\/td>\n<\/tr>\n<tr>\n<td data-sheets-value=\"{&quot;1&quot;:2,&quot;2&quot;:&quot;Dream Team&quot;}\" data-sheets-hyperlink=\"https:\/\/www.comment-jouer-sur-pc-a.fr\/comment-jouer-a-captain-tsubasa-dream-team-sur-pc-ordinateur\/\"><a class=\"in-cell-link\" href=\"https:\/\/www.comment-jouer-sur-pc-a.fr\/de\/wie-man-captain-tsubasa-dream-team-auf-pc-computer-spielt\/\" target=\"_blank\" rel=\"noopener\">DreamTeam<\/a><\/td>\n<\/tr>\n<\/tbody>\n<\/table>\n<h3><span data-sheets-value=\"{&quot;1&quot;:2,&quot;2&quot;:&quot;Sports&quot;}\" data-sheets-userformat=\"{&quot;2&quot;:15297,&quot;3&quot;:{&quot;1&quot;:0},&quot;9&quot;:0,&quot;10&quot;:2,&quot;11&quot;:0,&quot;12&quot;:0,&quot;14&quot;:[null,2,0],&quot;15&quot;:&quot;Calibri, sans-serif&quot;,&quot;16&quot;:12}\">Strategie :<\/span><\/h3>\n<table dir=\"ltr\" border=\"1\" cellspacing=\"0\" cellpadding=\"0\">\n<colgroup>\n<col width=\"233\" \/><\/colgroup>\n<tbody>\n<tr>\n<td data-sheets-value=\"{&quot;1&quot;:2,&quot;2&quot;:&quot;Clash of Clans&quot;}\" data-sheets-hyperlink=\"https:\/\/www.comment-jouer-sur-pc-a.fr\/comment-jouer-a-clash-of-clans-sur-pc-ordinateur\/\"><a class=\"in-cell-link\" href=\"https:\/\/www.comment-jouer-sur-pc-a.fr\/de\/wie-man-clash-of-clans-auf-pc-computer-spielt\/\" target=\"_blank\" rel=\"noopener\">Clash of Clans<\/a><\/td>\n<\/tr>\n<tr>\n<td data-sheets-value=\"{&quot;1&quot;:2,&quot;2&quot;:&quot;State of Survival: Combat Contre Les Zombies En 3D&quot;}\" data-sheets-hyperlink=\"https:\/\/www.comment-jouer-sur-pc-a.fr\/comment-jouer-a-state-of-survival-combat-contre-les-zombies-en-3d-sur-pc-ordinateu\">\n<div>\n<div><a class=\"in-cell-link\" href=\"https:\/\/www.comment-jouer-sur-pc-a.fr\/de\/comment-jouer-a-state-of-survival-combat-contre-les-zombies-en-3d-sur-pc-ordinateu\/\" target=\"_blank\" rel=\"noopener\">State of Survival: Zombie-Kampf 3D<\/a><\/div>\n<\/div>\n<\/td>\n<\/tr>\n<tr>\n<td data-sheets-value=\"{&quot;1&quot;:2,&quot;2&quot;:&quot;Arknights&quot;}\" data-sheets-hyperlink=\"https:\/\/www.comment-jouer-sur-pc-a.fr\/comment-jouer-a-arknights-sur-pc-ordinateur\/\"><a class=\"in-cell-link\" href=\"https:\/\/www.comment-jouer-sur-pc-a.fr\/de\/wie-man-arknights-auf-pc-computer-spielt\/\" target=\"_blank\" rel=\"noopener\">Arknights<\/a><\/td>\n<\/tr>\n<tr>\n<td data-sheets-value=\"{&quot;1&quot;:2,&quot;2&quot;:&quot;Lords Mobile: Guerre des Royaumes - Bataille RPG&quot;}\" data-sheets-hyperlink=\"https:\/\/www.comment-jouer-sur-pc-a.fr\/comment-jouer-a-lords-mobile-guerre-des-royaumes-bataille-rpg-sur-pc-ordinateur\/\">\n<div>\n<div><a class=\"in-cell-link\" href=\"https:\/\/www.comment-jouer-sur-pc-a.fr\/de\/wie-man-lords-mobile-krieg-der-konigreiche-battle-rpg-auf-pc-computer-spielt\/\" target=\"_blank\" rel=\"noopener\">Lords Mobile: Krieg der K\u00f6nigreiche \u2013 Kampf-Rollenspiel<\/a><\/div>\n<\/div>\n<\/td>\n<\/tr>\n<tr>\n<td data-sheets-value=\"{&quot;1&quot;:2,&quot;2&quot;:&quot;Pocket Ants: Simulateur de colonie&quot;}\" data-sheets-hyperlink=\"https:\/\/www.comment-jouer-sur-pc-a.fr\/comment-jouer-a-pocket-ants-simulateur-de-colonie-sur-pc-ordinateur\/\"><a class=\"in-cell-link\" href=\"https:\/\/www.comment-jouer-sur-pc-a.fr\/de\/wie-man-pocket-ants-kolonie-simulator-auf-pc-computer-spielt\/\" target=\"_blank\" rel=\"noopener\">Taschenameisen: Koloniesimulator<\/a><\/td>\n<\/tr>\n<tr>\n<td data-sheets-value=\"{&quot;1&quot;:2,&quot;2&quot;:&quot;Clash Royale&quot;}\" data-sheets-hyperlink=\"https:\/\/www.comment-jouer-sur-pc-a.fr\/comment-jouer-a-clash-of-clans-sur-pc-ordinateur\/\"><a class=\"in-cell-link\" href=\"https:\/\/www.comment-jouer-sur-pc-a.fr\/de\/wie-man-clash-of-clans-auf-pc-computer-spielt\/\" target=\"_blank\" rel=\"noopener\">Clash-Royale<\/a><\/td>\n<\/tr>\n<tr>\n<td data-sheets-value=\"{&quot;1&quot;:2,&quot;2&quot;:&quot;League of Legends: Wild Rift&quot;}\" data-sheets-hyperlink=\"https:\/\/www.comment-jouer-sur-pc-a.fr\/comment-jouer-a-league-of-legends-wild-rift-sur-pc-ordinateur\/\"><a class=\"in-cell-link\" href=\"https:\/\/www.comment-jouer-sur-pc-a.fr\/de\/wie-man-league-of-legends-wild-rift-auf-pc-computer-spielt\/\" target=\"_blank\" rel=\"noopener\">League of Legends: Wild Rift<\/a><\/td>\n<\/tr>\n<tr>\n<td data-sheets-value=\"{&quot;1&quot;:2,&quot;2&quot;:&quot;Rise of Kingdoms: Lost Crusade&quot;}\" data-sheets-hyperlink=\"https:\/\/www.comment-jouer-sur-pc-a.fr\/comment-jouer-a-rise-of-kingdoms-lost-crusade-sur-pc-ordinateur\/\"><a class=\"in-cell-link\" href=\"https:\/\/www.comment-jouer-sur-pc-a.fr\/de\/wie-man-rise-of-kingdoms-lost-crusade-auf-pc-computer-spielt\/\" target=\"_blank\" rel=\"noopener\">Rise of Kingdoms: Verlorener Kreuzzug<\/a><\/td>\n<\/tr>\n<tr>\n<td data-sheets-value=\"{&quot;1&quot;:2,&quot;2&quot;:&quot;Summoners War: Lost Centuria&quot;}\" data-sheets-hyperlink=\"https:\/\/www.comment-jouer-sur-pc-a.fr\/comment-jouer-a-summoners-war-lost-centuria-sur-pc-ordinateur\/\"><a class=\"in-cell-link\" href=\"https:\/\/www.comment-jouer-sur-pc-a.fr\/de\/wie-man-summoners-war-lost-centuria-auf-pc-computer-spielt\/\" target=\"_blank\" rel=\"noopener\">Summoners War: Lost Centuria<\/a><\/td>\n<\/tr>\n<tr>\n<td data-sheets-value=\"{&quot;1&quot;:2,&quot;2&quot;:&quot;The lord of the Rings : Rise to war&quot;}\" data-sheets-hyperlink=\"https:\/\/www.comment-jouer-sur-pc-a.fr\/comment-jouer-a-the-lord-of-the-rings-rise-to-war-sur-pc-ordinateur\/\"><a class=\"in-cell-link\" href=\"https:\/\/www.comment-jouer-sur-pc-a.fr\/de\/wie-man-the-lord-of-the-rings-rise-to-war-auf-pc-computer-spielt\/\" target=\"_blank\" rel=\"noopener\">Der Herr der Ringe: Aufstieg zum Krieg<\/a><\/td>\n<\/tr>\n<tr>\n<td data-sheets-value=\"{&quot;1&quot;:2,&quot;2&quot;:&quot;Evony: The King's Return&quot;}\" data-sheets-hyperlink=\"https:\/\/www.comment-jouer-sur-pc-a.fr\/comment-jouer-a-evony-the-kings-return-sur-pc-ordinateur\/\"><a class=\"in-cell-link\" href=\"https:\/\/www.comment-jouer-sur-pc-a.fr\/de\/wie-man-evony-the-kings-return-auf-pc-computer-spielt\/\" target=\"_blank\" rel=\"noopener\">Evony: Die R\u00fcckkehr des K\u00f6nigs<\/a><\/td>\n<\/tr>\n<tr>\n<td data-sheets-value=\"{&quot;1&quot;:2,&quot;2&quot;:&quot;State of Survival: The Zombie Apocalypse&quot;}\" data-sheets-hyperlink=\"https:\/\/www.comment-jouer-sur-pc-a.fr\/comment-jouer-a-state-of-survival-the-zombie-apocalypse-sur-pc-ordinateur\/\">\n<div>\n<div><a class=\"in-cell-link\" href=\"https:\/\/www.comment-jouer-sur-pc-a.fr\/de\/wie-man-state-of-survival-the-zombie-apocalypse-auf-pc-computer-spielt\/\" target=\"_blank\" rel=\"noopener\">State of Survival: Die Zombie-Apokalypse<\/a><\/div>\n<\/div>\n<\/td>\n<\/tr>\n<tr>\n<td data-sheets-value=\"{&quot;1&quot;:2,&quot;2&quot;:&quot;Total War: MEDIEVAL II&quot;}\" data-sheets-hyperlink=\"https:\/\/www.comment-jouer-sur-pc-a.fr\/comment-jouer-a-total-war-medieval-ii-sur-pc-ordinateur\/\"><a class=\"in-cell-link\" href=\"https:\/\/www.comment-jouer-sur-pc-a.fr\/de\/wie-man-total-war-medieval-ii-auf-pc-computer-spielt\/\" target=\"_blank\" rel=\"noopener\">Total War: MITTELALTER II<\/a><\/td>\n<\/tr>\n<\/tbody>\n<\/table>\n<p><span style=\"background-color: var(--color_content_background); color: var(--color_content_text); font-family: var(--typography_fonts_text);\">Zur Information, wenn Sie Fragen zu einem bestimmten Spiel haben, k\u00f6nnen wir Anleitungen zu diesem Spiel erstellen<\/span>\u00a0Seite ist n\u00fctzlich f\u00fcr diejenigen, die das empfohlene Spiel spielen m\u00f6chten. Wenn Sie nach Spielen suchen, die am h\u00e4ufigsten gespielt und heruntergeladen werden, sind Sie auf der richtigen Seite.<\/p>","protected":false},"excerpt":{"rendered":"<p>Liste der aktuellen Handyspiele, alle Handyspiele, die gerade angesagt sind. Wir geben dir eine Liste der aktuellen Spiele, damit du sie direkt auf deinem Computer ausprobieren kannst. Liste der aktuellen Spiele nach Genre: Action: Brawl Stars Garena Free Fire Among Us ... <a title=\"Die mobilen Spiele des Augenblicks!\" class=\"read-more\" href=\"https:\/\/www.comment-jouer-sur-pc-a.fr\/de\/die-aktuellen-handyspiele\/\" aria-label=\"Read more about Die aktuellen Handyspiele!\">Read more<\/a><\/p>","protected":false},"author":1,"featured_media":0,"parent":0,"menu_order":0,"comment_status":"closed","ping_status":"closed","template":"","meta":{"footnotes":""},"_links":{"self":[{"href":"https:\/\/www.comment-jouer-sur-pc-a.fr\/de\/wp-json\/wp\/v2\/pages\/304"}],"collection":[{"href":"https:\/\/www.comment-jouer-sur-pc-a.fr\/de\/wp-json\/wp\/v2\/pages"}],"about":[{"href":"https:\/\/www.comment-jouer-sur-pc-a.fr\/de\/wp-json\/wp\/v2\/types\/page"}],"author":[{"embeddable":true,"href":"https:\/\/www.comment-jouer-sur-pc-a.fr\/de\/wp-json\/wp\/v2\/users\/1"}],"replies":[{"embeddable":true,"href":"https:\/\/www.comment-jouer-sur-pc-a.fr\/de\/wp-json\/wp\/v2\/comments?post=304"}],"version-history":[{"count":19,"href":"https:\/\/www.comment-jouer-sur-pc-a.fr\/de\/wp-json\/wp\/v2\/pages\/304\/revisions"}],"predecessor-version":[{"id":4204,"href":"https:\/\/www.comment-jouer-sur-pc-a.fr\/de\/wp-json\/wp\/v2\/pages\/304\/revisions\/4204"}],"wp:attachment":[{"href":"https:\/\/www.comment-jouer-sur-pc-a.fr\/de\/wp-json\/wp\/v2\/media?parent=304"}],"curies":[{"name":"wp","href":"https:\/\/api.w.org\/{rel}","templated":true}]}}