{"id":149,"date":"2021-06-04T02:19:27","date_gmt":"2021-06-04T00:19:27","guid":{"rendered":"https:\/\/www.comment-jouer-sur-pc-a.fr\/?page_id=149"},"modified":"2021-07-26T17:24:22","modified_gmt":"2021-07-26T15:24:22","slug":"jeu","status":"publish","type":"page","link":"https:\/\/www.comment-jouer-sur-pc-a.fr\/es\/juego\/","title":{"rendered":"Juego m\u00f3vil, la lista de nuestros tutoriales."},"content":{"rendered":"<h1>Juego m\u00f3vil, la lista de nuestros tutoriales de juegos m\u00f3viles<\/h1>\n<p>Encuentre la lista de todos nuestros juegos m\u00f3viles que puede encontrar en nuestro sitio.<\/p>\n<p>As\u00ed como todas las categor\u00edas de juegos.<\/p>\n<h2>Valores :<\/h2>\n<blockquote class=\"wp-embedded-content\" data-secret=\"ca4OePPHAx\"><p><a href=\"https:\/\/www.comment-jouer-sur-pc-a.fr\/es\/conjuntos-de-acciones-disponibles\/\">\u00a1Juegos de acci\u00f3n disponibles!<\/a><\/p><\/blockquote>\n<p><iframe class=\"wp-embedded-content\" sandbox=\"allow-scripts\" security=\"restricted\" style=\"position: absolute; clip: rect(1px, 1px, 1px, 1px);\" title=\"\u201c\u00a1Los juegos de acci\u00f3n disponibles! \u2014 C\u00f3mo jugar en PC\" src=\"https:\/\/www.comment-jouer-sur-pc-a.fr\/les-jeux-d-actions-disponibles\/embed\/#?secret=ca4OePPHAx\" data-secret=\"ca4OePPHAx\" width=\"600\" height=\"338\" frameborder=\"0\" marginwidth=\"0\" marginheight=\"0\" scrolling=\"no\"><\/iframe><\/p>\n<h2>Arcada:<\/h2>\n<blockquote class=\"wp-embedded-content\" data-secret=\"fHKdvvybRV\"><p><a href=\"https:\/\/www.comment-jouer-sur-pc-a.fr\/es\/juegos-darcade-disponibles\/\">\u00a1Juegos de arcade disponibles!<\/a><\/p><\/blockquote>\n<p><iframe class=\"wp-embedded-content\" sandbox=\"allow-scripts\" security=\"restricted\" style=\"position: absolute; clip: rect(1px, 1px, 1px, 1px);\" title=\"\u201c\u00a1Juegos de arcade disponibles! \u2014 C\u00f3mo jugar en PC\" src=\"https:\/\/www.comment-jouer-sur-pc-a.fr\/les-jeux-darcades-disponibles\/embed\/#?secret=fHKdvvybRV\" data-secret=\"fHKdvvybRV\" width=\"600\" height=\"338\" frameborder=\"0\" marginwidth=\"0\" marginheight=\"0\" scrolling=\"no\"><\/iframe><\/p>\n<h2>Aventura :<\/h2>\n<blockquote class=\"wp-embedded-content\" data-secret=\"UXiAdT6YST\"><p><a href=\"https:\/\/www.comment-jouer-sur-pc-a.fr\/es\/juegos-de-aventura-disponibles\/\">\u00a1Juegos de aventuras disponibles!<\/a><\/p><\/blockquote>\n<p><iframe class=\"wp-embedded-content\" sandbox=\"allow-scripts\" security=\"restricted\" style=\"position: absolute; clip: rect(1px, 1px, 1px, 1px);\" title=\"\u201c\u00a1Juegos de aventuras disponibles! \u2014 C\u00f3mo jugar en PC\" src=\"https:\/\/www.comment-jouer-sur-pc-a.fr\/les-jeux-daventures-disponibles\/embed\/#?secret=UXiAdT6YST\" data-secret=\"UXiAdT6YST\" width=\"600\" height=\"338\" frameborder=\"0\" marginwidth=\"0\" marginheight=\"0\" scrolling=\"no\"><\/iframe><\/p>\n<h2>Juegos de rol :<\/h2>\n<blockquote class=\"wp-embedded-content\" data-secret=\"frvnh0kow5\"><p><a href=\"https:\/\/www.comment-jouer-sur-pc-a.fr\/es\/juegos-de-rol-disponibles\/\">\u00a1Juegos de rol disponibles!<\/a><\/p><\/blockquote>\n<p><iframe class=\"wp-embedded-content\" sandbox=\"allow-scripts\" security=\"restricted\" style=\"position: absolute; clip: rect(1px, 1px, 1px, 1px);\" title=\"\u201c\u00a1Juegos de rol disponibles! \u2014 C\u00f3mo jugar en PC\" src=\"https:\/\/www.comment-jouer-sur-pc-a.fr\/les-jeux-de-roles-disponibles\/embed\/#?secret=frvnh0kow5\" data-secret=\"frvnh0kow5\" width=\"600\" height=\"338\" frameborder=\"0\" marginwidth=\"0\" marginheight=\"0\" scrolling=\"no\"><\/iframe><\/p>\n<h2>Reflexi\u00f3n :<\/h2>\n<blockquote class=\"wp-embedded-content\" data-secret=\"j0Di4XVRCA\"><p><a href=\"https:\/\/www.comment-jouer-sur-pc-a.fr\/es\/juegos-de-reflexion-disponibles\/\">\u00a1Juegos de rompecabezas disponibles!<\/a><\/p><\/blockquote>\n<p><iframe class=\"wp-embedded-content\" sandbox=\"allow-scripts\" security=\"restricted\" style=\"position: absolute; clip: rect(1px, 1px, 1px, 1px);\" title=\"\u201c\u00a1Juegos de reflexiones disponibles! \u2014 C\u00f3mo jugar en PC\" src=\"https:\/\/www.comment-jouer-sur-pc-a.fr\/les-jeux-de-reflexions-disponibles\/embed\/#?secret=j0Di4XVRCA\" data-secret=\"j0Di4XVRCA\" width=\"600\" height=\"338\" frameborder=\"0\" marginwidth=\"0\" marginheight=\"0\" scrolling=\"no\"><\/iframe><\/p>\n<h2>Juegos p\u00fablicos en general:<\/h2>\n<blockquote class=\"wp-embedded-content\" data-secret=\"NOGV66tWIr\"><p><a href=\"https:\/\/www.comment-jouer-sur-pc-a.fr\/es\/juegos-de-consumo-disponibles\/\">\u00a1Juegos para el p\u00fablico general disponibles!<\/a><\/p><\/blockquote>\n<p><iframe class=\"wp-embedded-content\" sandbox=\"allow-scripts\" security=\"restricted\" style=\"position: absolute; clip: rect(1px, 1px, 1px, 1px);\" title=\"\u201c\u00a1Juegos de consumo disponibles! \u2014 C\u00f3mo jugar en PC\" src=\"https:\/\/www.comment-jouer-sur-pc-a.fr\/les-jeux-grand-public-disponibles\/embed\/#?secret=NOGV66tWIr\" data-secret=\"NOGV66tWIr\" width=\"600\" height=\"338\" frameborder=\"0\" marginwidth=\"0\" marginheight=\"0\" scrolling=\"no\"><\/iframe><\/p>\n<h2>Simulaci\u00f3n:<\/h2>\n<blockquote class=\"wp-embedded-content\" data-secret=\"EzAgc9YMKi\"><p><a href=\"https:\/\/www.comment-jouer-sur-pc-a.fr\/es\/juegos-de-simulacion-disponibles\/\">\u00a1Juegos de simulaci\u00f3n disponibles!<\/a><\/p><\/blockquote>\n<p><iframe class=\"wp-embedded-content\" sandbox=\"allow-scripts\" security=\"restricted\" style=\"position: absolute; clip: rect(1px, 1px, 1px, 1px);\" title=\"\u201c\u00a1Juegos de simulaci\u00f3n disponibles! \u2014 C\u00f3mo jugar en PC\" src=\"https:\/\/www.comment-jouer-sur-pc-a.fr\/les-jeux-de-simulations-disponibles\/embed\/#?secret=EzAgc9YMKi\" data-secret=\"EzAgc9YMKi\" width=\"600\" height=\"338\" frameborder=\"0\" marginwidth=\"0\" marginheight=\"0\" scrolling=\"no\"><\/iframe><\/p>\n<h2>Estrategia :<\/h2>\n<blockquote class=\"wp-embedded-content\" data-secret=\"VW0EmXrfiN\"><p><a href=\"https:\/\/www.comment-jouer-sur-pc-a.fr\/es\/juegos-de-estrategia-disponibles\/\">\u00a1Juegos de estrategia disponibles!<\/a><\/p><\/blockquote>\n<p><iframe class=\"wp-embedded-content\" sandbox=\"allow-scripts\" security=\"restricted\" style=\"position: absolute; clip: rect(1px, 1px, 1px, 1px);\" title=\"\u201c\u00a1Juegos de estrategia disponibles! \u2014 C\u00f3mo jugar en PC\" src=\"https:\/\/www.comment-jouer-sur-pc-a.fr\/les-jeux-de-strategies-disponibles\/embed\/#?secret=VW0EmXrfiN\" data-secret=\"VW0EmXrfiN\" width=\"600\" height=\"338\" frameborder=\"0\" marginwidth=\"0\" marginheight=\"0\" scrolling=\"no\"><\/iframe><\/p>\n<p>&nbsp;<\/p>","protected":false},"excerpt":{"rendered":"<p>Juegos para m\u00f3viles, la lista de nuestros tutoriales de juegos para m\u00f3viles Encuentra la lista de todos nuestros juegos para m\u00f3viles que puedes encontrar en nuestro sitio. Y todas las categor\u00edas de juegos. Acci\u00f3n: \u00a1Juegos de acci\u00f3n disponibles! Arcade: \u00a1Juegos arcade disponibles! Aventura: \u00a1Juegos de aventura disponibles! Juegos de acci\u00f3n <a title=\"Juego m\u00f3vil, la lista de nuestros tutoriales.\" class=\"read-more\" href=\"https:\/\/www.comment-jouer-sur-pc-a.fr\/es\/juego\/\" aria-label=\"M\u00e1s informaci\u00f3n sobre Juegos para m\u00f3viles, nuestra lista de tutoriales\">Seguir leyendo<\/a><\/p>","protected":false},"author":1,"featured_media":0,"parent":0,"menu_order":0,"comment_status":"closed","ping_status":"closed","template":"","meta":{"footnotes":""},"_links":{"self":[{"href":"https:\/\/www.comment-jouer-sur-pc-a.fr\/es\/wp-json\/wp\/v2\/pages\/149"}],"collection":[{"href":"https:\/\/www.comment-jouer-sur-pc-a.fr\/es\/wp-json\/wp\/v2\/pages"}],"about":[{"href":"https:\/\/www.comment-jouer-sur-pc-a.fr\/es\/wp-json\/wp\/v2\/types\/page"}],"author":[{"embeddable":true,"href":"https:\/\/www.comment-jouer-sur-pc-a.fr\/es\/wp-json\/wp\/v2\/users\/1"}],"replies":[{"embeddable":true,"href":"https:\/\/www.comment-jouer-sur-pc-a.fr\/es\/wp-json\/wp\/v2\/comments?post=149"}],"version-history":[{"count":2,"href":"https:\/\/www.comment-jouer-sur-pc-a.fr\/es\/wp-json\/wp\/v2\/pages\/149\/revisions"}],"predecessor-version":[{"id":3544,"href":"https:\/\/www.comment-jouer-sur-pc-a.fr\/es\/wp-json\/wp\/v2\/pages\/149\/revisions\/3544"}],"wp:attachment":[{"href":"https:\/\/www.comment-jouer-sur-pc-a.fr\/es\/wp-json\/wp\/v2\/media?parent=149"}],"curies":[{"name":"wp","href":"https:\/\/api.w.org\/{rel}","templated":true}]}}