{"id":16,"date":"2021-05-22T18:13:38","date_gmt":"2021-05-22T16:13:38","guid":{"rendered":"https:\/\/www.comment-jouer-sur-pc-a.fr\/?page_id=16"},"modified":"2026-04-01T17:56:07","modified_gmt":"2026-04-01T15:56:07","slug":"accueil","status":"publish","type":"page","link":"https:\/\/www.comment-jouer-sur-pc-a.fr\/es\/","title":{"rendered":"bienvenida"},"content":{"rendered":"<h1>Bienvenido al sitio how-to-play-on-pc-a.fr<\/h1>\n<p>Encuentre en nuestro sitio todas las gu\u00edas para saber c\u00f3mo jugar su Android u otros juegos directamente en su PC.<\/p>\n<p>&nbsp;<\/p>\n<p>Te aconsejo que mires la p\u00e1gina sobre los juegos del momento:<\/p>\n<blockquote class=\"wp-embedded-content\" data-secret=\"7TloWR6IXF\"><p><a href=\"https:\/\/www.comment-jouer-sur-pc-a.fr\/es\/juegos-para-movil-del-momento\/\">\u00a1Los juegos m\u00f3viles del momento!<\/a><\/p><\/blockquote>\n<p><iframe class=\"wp-embedded-content\" sandbox=\"allow-scripts\" security=\"restricted\" style=\"position: absolute; clip: rect(1px, 1px, 1px, 1px);\" title=\"\u201c\u00a1Los juegos m\u00f3viles del momento! \u2014 C\u00f3mo jugar en PC\" src=\"https:\/\/www.comment-jouer-sur-pc-a.fr\/les-jeux-mobiles-du-moment\/embed\/#?secret=nzWk8GJg0Q#?secret=7TloWR6IXF\" data-secret=\"7TloWR6IXF\" width=\"600\" height=\"338\" frameborder=\"0\" marginwidth=\"0\" marginheight=\"0\" scrolling=\"no\"><\/iframe><\/p>\n<p>Juego actual:<\/p>\n<blockquote class=\"wp-embedded-content\" data-secret=\"3CmavvdswI\"><p><a href=\"https:\/\/www.comment-jouer-sur-pc-a.fr\/es\/como-jugar-a-magnum-quest-en-un-ordenador\/\">\u00bfC\u00f3mo jugar Magnum Quest en PC\/computadora?<\/a><\/p><\/blockquote>\n<p><iframe class=\"wp-embedded-content\" sandbox=\"allow-scripts\" security=\"restricted\" style=\"position: absolute; clip: rect(1px, 1px, 1px, 1px);\" title=\"&quot;\u00bfC\u00f3mo jugar Magnum Quest en PC\/computadora?&quot; \u2014 C\u00f3mo jugar en PC\" src=\"https:\/\/www.comment-jouer-sur-pc-a.fr\/comment-jouer-a-magnum-quest-sur-pc-ordinateur\/embed\/#?secret=Cfwz4n4Wx6#?secret=3CmavvdswI\" data-secret=\"3CmavvdswI\" width=\"600\" height=\"338\" frameborder=\"0\" marginwidth=\"0\" marginheight=\"0\" scrolling=\"no\"><\/iframe><\/p>\n<h2>Qui\u00e9nes somos ?<\/h2>\n<p>El sitio de c\u00f3mo jugar en PC es un sitio hecho por Alucare.<br \/>\nEst\u00e1 aqu\u00ed para ayudarlo a descargar cualquier juego a su computadora (especialmente juegos m\u00f3viles a trav\u00e9s de un emulador). Yo mismo uso sus emuladores para jugar sus juegos en PC. Nuestro objetivo es que puedas disfrutar de tus juegos en tu Ordenador.<\/p>","protected":false},"excerpt":{"rendered":"<p>Bienvenido a comment-jouer-sur-pc-a.fr Encuentra en nuestro sitio todas las gu\u00edas para saber c\u00f3mo jugar a tus juegos Android u otros directamente en tu PC.   Le aconsejo que eche un vistazo a la p\u00e1gina de los juegos del momento : Los juegos m\u00f3viles del momento Juego del momento: C\u00f3mo jugar a Magnum ... <a title=\"bienvenida\" class=\"read-more\" href=\"https:\/\/www.comment-jouer-sur-pc-a.fr\/es\/\" aria-label=\"Leer m\u00e1s sobre Home\">Seguir leyendo<\/a><\/p>","protected":false},"author":1,"featured_media":0,"parent":0,"menu_order":0,"comment_status":"closed","ping_status":"closed","template":"","meta":{"footnotes":""},"_links":{"self":[{"href":"https:\/\/www.comment-jouer-sur-pc-a.fr\/es\/wp-json\/wp\/v2\/pages\/16"}],"collection":[{"href":"https:\/\/www.comment-jouer-sur-pc-a.fr\/es\/wp-json\/wp\/v2\/pages"}],"about":[{"href":"https:\/\/www.comment-jouer-sur-pc-a.fr\/es\/wp-json\/wp\/v2\/types\/page"}],"author":[{"embeddable":true,"href":"https:\/\/www.comment-jouer-sur-pc-a.fr\/es\/wp-json\/wp\/v2\/users\/1"}],"replies":[{"embeddable":true,"href":"https:\/\/www.comment-jouer-sur-pc-a.fr\/es\/wp-json\/wp\/v2\/comments?post=16"}],"version-history":[{"count":9,"href":"https:\/\/www.comment-jouer-sur-pc-a.fr\/es\/wp-json\/wp\/v2\/pages\/16\/revisions"}],"predecessor-version":[{"id":4344,"href":"https:\/\/www.comment-jouer-sur-pc-a.fr\/es\/wp-json\/wp\/v2\/pages\/16\/revisions\/4344"}],"wp:attachment":[{"href":"https:\/\/www.comment-jouer-sur-pc-a.fr\/es\/wp-json\/wp\/v2\/media?parent=16"}],"curies":[{"name":"wp","href":"https:\/\/api.w.org\/{rel}","templated":true}]}}