{"id":304,"date":"2021-06-08T17:27:57","date_gmt":"2021-06-08T15:27:57","guid":{"rendered":"https:\/\/www.comment-jouer-sur-pc-a.fr\/?page_id=304"},"modified":"2022-11-10T09:21:02","modified_gmt":"2022-11-10T08:21:02","slug":"les-jeux-mobiles-du-moment","status":"publish","type":"page","link":"https:\/\/www.comment-jouer-sur-pc-a.fr\/es\/juegos-para-movil-del-momento\/","title":{"rendered":"\u00a1Los juegos m\u00f3viles del momento!"},"content":{"rendered":"<p>Lista de juegos para m\u00f3vil del momento, todos los juegos para m\u00f3vil que est\u00e1n de moda en este momento. Te damos la lista de los juegos del momento para que los pruebes directamente en tu Ordenador.<\/p>\n<h2>Lista de juegos actuales por g\u00e9nero:<\/h2>\n<h3>Valores :<\/h3>\n<table dir=\"ltr\" border=\"1\" cellspacing=\"0\" cellpadding=\"0\">\n<colgroup>\n<col width=\"377\" \/><\/colgroup>\n<tbody>\n<tr>\n<td data-sheets-value=\"{&quot;1&quot;:2,&quot;2&quot;:&quot;Brawl Stars&quot;}\" data-sheets-hyperlink=\"https:\/\/www.comment-jouer-sur-pc-a.fr\/comment-jouer-a-brawl-stars-sur-pc-ordinateur\/\"><a class=\"in-cell-link\" href=\"https:\/\/www.comment-jouer-sur-pc-a.fr\/es\/como-jugar-a-brawl-stars-en-un-ordenador\/\" target=\"_blank\" rel=\"noopener\">pelea de estrellas<\/a><\/td>\n<\/tr>\n<tr>\n<td data-sheets-value=\"{&quot;1&quot;:2,&quot;2&quot;:&quot;Garena Free Fire&quot;}\" data-sheets-hyperlink=\"https:\/\/www.comment-jouer-sur-pc-a.fr\/comment-jouer-a-garena-free-fire-sur-pc-ordinateur\/\"><a class=\"in-cell-link\" href=\"https:\/\/www.comment-jouer-sur-pc-a.fr\/es\/como-jugar-a-garena-free-fire-en-un-ordenador\/\" target=\"_blank\" rel=\"noopener\">Fuego libre de Garena<\/a><\/td>\n<\/tr>\n<tr>\n<td data-sheets-value=\"{&quot;1&quot;:2,&quot;2&quot;:&quot;Among Us&quot;}\" data-sheets-hyperlink=\"https:\/\/www.comment-jouer-sur-pc-a.fr\/comment-jouer-a-among-us-sur-pc-ordinateur\/\"><a class=\"in-cell-link\" href=\"https:\/\/www.comment-jouer-sur-pc-a.fr\/es\/como-jugar-a-among-us-en-un-ordenador\/\" target=\"_blank\" rel=\"noopener\">Entre nosotros<\/a><\/td>\n<\/tr>\n<tr>\n<td data-sheets-value=\"{&quot;1&quot;:2,&quot;2&quot;:&quot;DRAGON BALL LEGENDS&quot;}\" data-sheets-hyperlink=\"https:\/\/www.comment-jouer-sur-pc-a.fr\/comment-jouer-a-dragon-ball-legends-sur-pc-ordinateur\/\"><a class=\"in-cell-link\" href=\"https:\/\/www.comment-jouer-sur-pc-a.fr\/es\/como-jugar-a-dragon-ball-legends-en-un-ordenador\/\" target=\"_blank\" rel=\"noopener\">LEYENDAS DE LA BOLA DE DRAG\u00d3N<\/a><\/td>\n<\/tr>\n<tr>\n<td data-sheets-value=\"{&quot;1&quot;:2,&quot;2&quot;:&quot;PUBG MOBILE&quot;}\" data-sheets-hyperlink=\"https:\/\/www.comment-jouer-sur-pc-a.fr\/comment-jouer-a-pubg-mobile-sur-pc-ordinateur\/\"><a class=\"in-cell-link\" href=\"https:\/\/www.comment-jouer-sur-pc-a.fr\/es\/como-jugar-a-pubg-mobile-en-un-ordenador\/\" target=\"_blank\" rel=\"noopener\">PUBG M\u00d3VIL<\/a><\/td>\n<\/tr>\n<tr>\n<td data-sheets-value=\"{&quot;1&quot;:2,&quot;2&quot;:&quot;Pok\u00e9mon unite&quot;}\" data-sheets-hyperlink=\"https:\/\/www.comment-jouer-sur-pc-a.fr\/comment-jouer-a-pokemon-unite-sur-pc-ordinateur\/\"><a class=\"in-cell-link\" href=\"https:\/\/www.comment-jouer-sur-pc-a.fr\/es\/como-jugar-a-pokemon-unite-en-un-ordenador\/\" target=\"_blank\" rel=\"noopener\">unidad de pokemon<\/a><\/td>\n<\/tr>\n<tr>\n<td data-sheets-value=\"{&quot;1&quot;:2,&quot;2&quot;:&quot;PUBG: NEW STATE&quot;}\" data-sheets-hyperlink=\"https:\/\/www.comment-jouer-sur-pc-a.fr\/comment-jouer-a-pubg-new-state-sur-pc-ordinateur\/\"><a class=\"in-cell-link\" href=\"https:\/\/www.comment-jouer-sur-pc-a.fr\/es\/como-jugar-pubg-new-state-en-pc-ordenador\/\" target=\"_blank\" rel=\"noopener\">PUBG: NUEVO ESTADO<\/a><\/td>\n<\/tr>\n<tr>\n<td data-sheets-value=\"{&quot;1&quot;:2,&quot;2&quot;:&quot;Blob Hero&quot;}\" data-sheets-hyperlink=\"https:\/\/www.comment-jouer-sur-pc-a.fr\/comment-jouer-a-blob-hero-sur-pc-ordinateur\/\"><a class=\"in-cell-link\" href=\"https:\/\/www.comment-jouer-sur-pc-a.fr\/es\/como-jugar-blob-hero-en-pc\/\" target=\"_blank\" rel=\"noopener\">H\u00e9roe de la gota<\/a><\/td>\n<\/tr>\n<tr>\n<td data-sheets-value=\"{&quot;1&quot;:2,&quot;2&quot;:&quot;ECHOES of MANA&quot;}\" data-sheets-hyperlink=\"https:\/\/www.comment-jouer-sur-pc-a.fr\/comment-jouer-a-echoes-of-mana-sur-pc-ordinateur\/\"><a class=\"in-cell-link\" href=\"https:\/\/www.comment-jouer-sur-pc-a.fr\/es\/como-jugar-a-echoes-of-mana-en-un-ordenador\/\" target=\"_blank\" rel=\"noopener\">ECOS de MANA<\/a><\/td>\n<\/tr>\n<\/tbody>\n<\/table>\n<h3>Aventura :<\/h3>\n<table dir=\"ltr\" border=\"1\" cellspacing=\"0\" cellpadding=\"0\">\n<colgroup>\n<col width=\"238\" \/><\/colgroup>\n<tbody>\n<tr>\n<td data-sheets-value=\"{&quot;1&quot;:2,&quot;2&quot;:&quot;Roblox&quot;}\" data-sheets-hyperlink=\"https:\/\/www.comment-jouer-sur-pc-a.fr\/comment-jouer-a-roblox-sur-pc-ordinateur\/\"><a class=\"in-cell-link\" href=\"https:\/\/www.comment-jouer-sur-pc-a.fr\/es\/como-jugar-a-roblox-en-un-ordenador\/\" target=\"_blank\" rel=\"noopener\">Roblox<\/a><\/td>\n<\/tr>\n<tr>\n<td data-sheets-value=\"{&quot;1&quot;:2,&quot;2&quot;:&quot;Stranger Things: 1984&quot;}\" data-sheets-hyperlink=\"https:\/\/www.comment-jouer-sur-pc-a.fr\/comment-jouer-a-stranger-things-1984-sur-pc-ordinateur\/\"><a class=\"in-cell-link\" href=\"https:\/\/www.comment-jouer-sur-pc-a.fr\/es\/como-jugar-a-stranger-things-1984-en-el-pc\/\" target=\"_blank\" rel=\"noopener\">Cosas m\u00e1s extra\u00f1as: 1984<\/a><\/td>\n<\/tr>\n<tr>\n<td data-sheets-value=\"{&quot;1&quot;:2,&quot;2&quot;:&quot;Pikmin Bloom&quot;}\" data-sheets-hyperlink=\"https:\/\/www.comment-jouer-sur-pc-a.fr\/comment-jouer-a-pikmin-bloom-sur-pc-ordinateur\/\"><a class=\"in-cell-link\" href=\"https:\/\/www.comment-jouer-sur-pc-a.fr\/es\/como-jugar-a-pikmin-bloom-en-un-ordenador\/\" target=\"_blank\" rel=\"noopener\">flor de pikmin<\/a><\/td>\n<\/tr>\n<\/tbody>\n<\/table>\n<h3><span data-sheets-value=\"{&quot;1&quot;:2,&quot;2&quot;:&quot;Jeux de r\u00f4les&quot;}\" data-sheets-userformat=\"{&quot;2&quot;:15297,&quot;3&quot;:{&quot;1&quot;:0},&quot;9&quot;:0,&quot;10&quot;:2,&quot;11&quot;:0,&quot;12&quot;:0,&quot;14&quot;:[null,2,0],&quot;15&quot;:&quot;Calibri, sans-serif&quot;,&quot;16&quot;:12}\">Juegos de rol :<\/span><\/h3>\n<table dir=\"ltr\" border=\"1\" cellspacing=\"0\" cellpadding=\"0\">\n<colgroup>\n<col width=\"196\" \/><\/colgroup>\n<tbody>\n<tr>\n<td data-sheets-value=\"{&quot;1&quot;:2,&quot;2&quot;:&quot;Epic Seven&quot;}\" data-sheets-hyperlink=\"https:\/\/www.comment-jouer-sur-pc-a.fr\/comment-jouer-a-epic-seven-sur-pc-ordinateur\/\"><a class=\"in-cell-link\" href=\"https:\/\/www.comment-jouer-sur-pc-a.fr\/es\/como-jugar-a-epic-seven-en-un-ordenador\/\" target=\"_blank\" rel=\"noopener\">Siete \u00e9picos<\/a><\/td>\n<\/tr>\n<tr>\n<td data-sheets-value=\"{&quot;1&quot;:2,&quot;2&quot;:&quot;Black Desert Mobile&quot;}\" data-sheets-hyperlink=\"https:\/\/www.comment-jouer-sur-pc-a.fr\/comment-jouer-a-black-desert-mobile-sur-pc-ordinateur\/\"><a class=\"in-cell-link\" href=\"https:\/\/www.comment-jouer-sur-pc-a.fr\/es\/como-jugar-a-black-desert-mobile-en-un-ordenador\/\" target=\"_blank\" rel=\"noopener\">M\u00f3vil del desierto negro<\/a><\/td>\n<\/tr>\n<tr>\n<td data-sheets-value=\"{&quot;1&quot;:2,&quot;2&quot;:&quot;Princess Connect! Re: Dive&quot;}\" data-sheets-hyperlink=\"https:\/\/www.comment-jouer-sur-pc-a.fr\/comment-jouer-a-princess-connect-re-dive-sur-pc-ordinateur\/\"><a class=\"in-cell-link\" href=\"https:\/\/www.comment-jouer-sur-pc-a.fr\/es\/como-jugar-a-princess-connect-re-dive-en-el-pc\/\" target=\"_blank\" rel=\"noopener\">\u00a1Princesa conecta! Re: bucear<\/a><\/td>\n<\/tr>\n<tr>\n<td data-sheets-value=\"{&quot;1&quot;:2,&quot;2&quot;:&quot;Final Gear&quot;}\" data-sheets-hyperlink=\"https:\/\/www.comment-jouer-sur-pc-a.fr\/comment-jouer-a-final-gear-sur-pc-ordinateur\/\"><a class=\"in-cell-link\" href=\"https:\/\/www.comment-jouer-sur-pc-a.fr\/es\/como-jugar-a-final-gear-en-un-ordenador\/\" target=\"_blank\" rel=\"noopener\">Engranaje final<\/a><\/td>\n<\/tr>\n<tr>\n<td data-sheets-value=\"{&quot;1&quot;:2,&quot;2&quot;:&quot;Tales of Luminaria&quot;}\" data-sheets-hyperlink=\"https:\/\/www.comment-jouer-sur-pc-a.fr\/comment-jouer-a-tales-of-luminaria-sur-pc\"><a class=\"in-cell-link\" href=\"https:\/\/www.comment-jouer-sur-pc-a.fr\/es\/comment-jouer-a-tales-of-luminaria-sur-pc\/\" target=\"_blank\" rel=\"noopener\">Cuentos de Luminaria<\/a><\/td>\n<\/tr>\n<tr>\n<td data-sheets-value=\"{&quot;1&quot;:2,&quot;2&quot;:&quot;Awaken : Chaos Era&quot;}\" data-sheets-hyperlink=\"https:\/\/www.comment-jouer-sur-pc-a.fr\/comment-jouer-a-awaken-chaos-era-sur-pc-ordinateur\/\"><a class=\"in-cell-link\" href=\"https:\/\/www.comment-jouer-sur-pc-a.fr\/es\/como-jugar-awaken-chaos-era-en-pc-computer\/\" target=\"_blank\" rel=\"noopener\">Despertar: era del caos<\/a><\/td>\n<\/tr>\n<tr>\n<td data-sheets-value=\"{&quot;1&quot;:2,&quot;2&quot;:&quot;My Hero Academia : Ultra Impact&quot;}\" data-sheets-hyperlink=\"https:\/\/www.comment-jouer-sur-pc-a.fr\/comment-jouer-a-my-hero-academia-ultra-impact-sur-pc-ordinateur\/\">\n<div>\n<div><a class=\"in-cell-link\" href=\"https:\/\/www.comment-jouer-sur-pc-a.fr\/es\/como-jugar-my-hero-academia-ultra-impact-en-pc-ordenador\/\" target=\"_blank\" rel=\"noopener\">My Hero Academia: Ultra Impacto<\/a><\/div>\n<\/div>\n<\/td>\n<\/tr>\n<tr>\n<td data-sheets-value=\"{&quot;1&quot;:2,&quot;2&quot;:&quot;Shattered Pixel Dungeon&quot;}\" data-sheets-hyperlink=\"https:\/\/www.comment-jouer-sur-pc-a.fr\/comment-jouer-a-shattered-pixel-dungeon-sur-pc-ordinateur\/\"><a class=\"in-cell-link\" href=\"https:\/\/www.comment-jouer-sur-pc-a.fr\/es\/como-jugar-a-shattered-pixel-dungeon-en-un-ordenador\/\" target=\"_blank\" rel=\"noopener\">Mazmorra de p\u00edxeles destrozados<\/a><\/td>\n<\/tr>\n<tr>\n<td data-sheets-value=\"{&quot;1&quot;:2,&quot;2&quot;:&quot;Dislyte&quot;}\" data-sheets-hyperlink=\"https:\/\/www.comment-jouer-sur-pc-a.fr\/comment-jouer-a-dislyte-sur-pc-ordinateur\/\"><a class=\"in-cell-link\" href=\"https:\/\/www.comment-jouer-sur-pc-a.fr\/es\/como-jugar-a-dislyte-en-un-ordenador\/\" target=\"_blank\" rel=\"noopener\">dislyte<\/a><\/td>\n<\/tr>\n<tr>\n<td data-sheets-value=\"{&quot;1&quot;:2,&quot;2&quot;:&quot; Archer Forest&quot;}\" data-sheets-hyperlink=\"https:\/\/www.comment-jouer-sur-pc-a.fr\/comment-jouer-a-archer-forest-sur-pc-ordinateur\/\"><a class=\"in-cell-link\" href=\"https:\/\/www.comment-jouer-sur-pc-a.fr\/es\/como-jugar-archer-forest-en-pc\/\" target=\"_blank\" rel=\"noopener\"> bosque de arqueros<\/a><\/td>\n<\/tr>\n<\/tbody>\n<\/table>\n<h3><span data-sheets-value=\"{&quot;1&quot;:2,&quot;2&quot;:&quot;Sports&quot;}\" data-sheets-userformat=\"{&quot;2&quot;:15297,&quot;3&quot;:{&quot;1&quot;:0},&quot;9&quot;:0,&quot;10&quot;:2,&quot;11&quot;:0,&quot;12&quot;:0,&quot;14&quot;:[null,2,0],&quot;15&quot;:&quot;Calibri, sans-serif&quot;,&quot;16&quot;:12}\">Deportes:<\/span><\/h3>\n<table dir=\"ltr\" border=\"1\" cellspacing=\"0\" cellpadding=\"0\">\n<colgroup>\n<col width=\"197\" \/><\/colgroup>\n<tbody>\n<tr>\n<td data-sheets-value=\"{&quot;1&quot;:2,&quot;2&quot;:&quot;Captain Tsubasa&quot;}\" data-sheets-hyperlink=\"https:\/\/www.comment-jouer-sur-pc-a.fr\/comment-jouer-a-captain-tsubasa-dream-team-sur-pc-ordinateur\/\"><a class=\"in-cell-link\" href=\"https:\/\/www.comment-jouer-sur-pc-a.fr\/es\/como-jugar-captain-tsubasa-dream-team-en-pc\/\" target=\"_blank\" rel=\"noopener\">Capit\u00e1n Tsubasa<\/a><\/td>\n<\/tr>\n<tr>\n<td data-sheets-value=\"{&quot;1&quot;:2,&quot;2&quot;:&quot;Dream Team&quot;}\" data-sheets-hyperlink=\"https:\/\/www.comment-jouer-sur-pc-a.fr\/comment-jouer-a-captain-tsubasa-dream-team-sur-pc-ordinateur\/\"><a class=\"in-cell-link\" href=\"https:\/\/www.comment-jouer-sur-pc-a.fr\/es\/como-jugar-captain-tsubasa-dream-team-en-pc\/\" target=\"_blank\" rel=\"noopener\">Equipo so\u00f1ado<\/a><\/td>\n<\/tr>\n<\/tbody>\n<\/table>\n<h3><span data-sheets-value=\"{&quot;1&quot;:2,&quot;2&quot;:&quot;Sports&quot;}\" data-sheets-userformat=\"{&quot;2&quot;:15297,&quot;3&quot;:{&quot;1&quot;:0},&quot;9&quot;:0,&quot;10&quot;:2,&quot;11&quot;:0,&quot;12&quot;:0,&quot;14&quot;:[null,2,0],&quot;15&quot;:&quot;Calibri, sans-serif&quot;,&quot;16&quot;:12}\">Estrategia :<\/span><\/h3>\n<table dir=\"ltr\" border=\"1\" cellspacing=\"0\" cellpadding=\"0\">\n<colgroup>\n<col width=\"233\" \/><\/colgroup>\n<tbody>\n<tr>\n<td data-sheets-value=\"{&quot;1&quot;:2,&quot;2&quot;:&quot;Clash of Clans&quot;}\" data-sheets-hyperlink=\"https:\/\/www.comment-jouer-sur-pc-a.fr\/comment-jouer-a-clash-of-clans-sur-pc-ordinateur\/\"><a class=\"in-cell-link\" href=\"https:\/\/www.comment-jouer-sur-pc-a.fr\/es\/como-jugar-a-clash-of-clans-en-un-ordenador\/\" target=\"_blank\" rel=\"noopener\">choque de clanes<\/a><\/td>\n<\/tr>\n<tr>\n<td data-sheets-value=\"{&quot;1&quot;:2,&quot;2&quot;:&quot;State of Survival: Combat Contre Les Zombies En 3D&quot;}\" data-sheets-hyperlink=\"https:\/\/www.comment-jouer-sur-pc-a.fr\/comment-jouer-a-state-of-survival-combat-contre-les-zombies-en-3d-sur-pc-ordinateu\">\n<div>\n<div><a class=\"in-cell-link\" href=\"https:\/\/www.comment-jouer-sur-pc-a.fr\/es\/comment-jouer-a-state-of-survival-combat-contre-les-zombies-en-3d-sur-pc-ordinateu\/\" target=\"_blank\" rel=\"noopener\">Estado de supervivencia: Zombie Fight 3D<\/a><\/div>\n<\/div>\n<\/td>\n<\/tr>\n<tr>\n<td data-sheets-value=\"{&quot;1&quot;:2,&quot;2&quot;:&quot;Arknights&quot;}\" data-sheets-hyperlink=\"https:\/\/www.comment-jouer-sur-pc-a.fr\/comment-jouer-a-arknights-sur-pc-ordinateur\/\"><a class=\"in-cell-link\" href=\"https:\/\/www.comment-jouer-sur-pc-a.fr\/es\/como-jugar-a-arknights-en-un-ordenador\/\" target=\"_blank\" rel=\"noopener\">Arknights<\/a><\/td>\n<\/tr>\n<tr>\n<td data-sheets-value=\"{&quot;1&quot;:2,&quot;2&quot;:&quot;Lords Mobile: Guerre des Royaumes - Bataille RPG&quot;}\" data-sheets-hyperlink=\"https:\/\/www.comment-jouer-sur-pc-a.fr\/comment-jouer-a-lords-mobile-guerre-des-royaumes-bataille-rpg-sur-pc-ordinateur\/\">\n<div>\n<div><a class=\"in-cell-link\" href=\"https:\/\/www.comment-jouer-sur-pc-a.fr\/es\/como-jugar-lords-mobile-war-of-the-kingdoms-battle-rpg-en-pc-ordenador\/\" target=\"_blank\" rel=\"noopener\">Lords Mobile: War of the Kingdoms \u2013 Juego de rol de batalla<\/a><\/div>\n<\/div>\n<\/td>\n<\/tr>\n<tr>\n<td data-sheets-value=\"{&quot;1&quot;:2,&quot;2&quot;:&quot;Pocket Ants: Simulateur de colonie&quot;}\" data-sheets-hyperlink=\"https:\/\/www.comment-jouer-sur-pc-a.fr\/comment-jouer-a-pocket-ants-simulateur-de-colonie-sur-pc-ordinateur\/\"><a class=\"in-cell-link\" href=\"https:\/\/www.comment-jouer-sur-pc-a.fr\/es\/como-jugar-a-pocket-ants-colony-simulator-en-el-pc\/\" target=\"_blank\" rel=\"noopener\">Hormigas de bolsillo: Simulador de colonias<\/a><\/td>\n<\/tr>\n<tr>\n<td data-sheets-value=\"{&quot;1&quot;:2,&quot;2&quot;:&quot;Clash Royale&quot;}\" data-sheets-hyperlink=\"https:\/\/www.comment-jouer-sur-pc-a.fr\/comment-jouer-a-clash-of-clans-sur-pc-ordinateur\/\"><a class=\"in-cell-link\" href=\"https:\/\/www.comment-jouer-sur-pc-a.fr\/es\/como-jugar-a-clash-of-clans-en-un-ordenador\/\" target=\"_blank\" rel=\"noopener\">choque real<\/a><\/td>\n<\/tr>\n<tr>\n<td data-sheets-value=\"{&quot;1&quot;:2,&quot;2&quot;:&quot;League of Legends: Wild Rift&quot;}\" data-sheets-hyperlink=\"https:\/\/www.comment-jouer-sur-pc-a.fr\/comment-jouer-a-league-of-legends-wild-rift-sur-pc-ordinateur\/\"><a class=\"in-cell-link\" href=\"https:\/\/www.comment-jouer-sur-pc-a.fr\/es\/como-jugar-league-of-legends-wild-rift-en-pc-ordenador\/\" target=\"_blank\" rel=\"noopener\">League of Legends: Grieta salvaje<\/a><\/td>\n<\/tr>\n<tr>\n<td data-sheets-value=\"{&quot;1&quot;:2,&quot;2&quot;:&quot;Rise of Kingdoms: Lost Crusade&quot;}\" data-sheets-hyperlink=\"https:\/\/www.comment-jouer-sur-pc-a.fr\/comment-jouer-a-rise-of-kingdoms-lost-crusade-sur-pc-ordinateur\/\"><a class=\"in-cell-link\" href=\"https:\/\/www.comment-jouer-sur-pc-a.fr\/es\/como-jugar-rise-of-kingdoms-lost-crusade-en-pc-ordenador\/\" target=\"_blank\" rel=\"noopener\">Rise of Kingdoms: Lost Crusade<\/a><\/td>\n<\/tr>\n<tr>\n<td data-sheets-value=\"{&quot;1&quot;:2,&quot;2&quot;:&quot;Summoners War: Lost Centuria&quot;}\" data-sheets-hyperlink=\"https:\/\/www.comment-jouer-sur-pc-a.fr\/comment-jouer-a-summoners-war-lost-centuria-sur-pc-ordinateur\/\"><a class=\"in-cell-link\" href=\"https:\/\/www.comment-jouer-sur-pc-a.fr\/es\/como-jugar-a-summoners-war-lost-centuria-en-pc-ordenador\/\" target=\"_blank\" rel=\"noopener\">Guerra de invocadores: Lost Centuria<\/a><\/td>\n<\/tr>\n<tr>\n<td data-sheets-value=\"{&quot;1&quot;:2,&quot;2&quot;:&quot;The lord of the Rings : Rise to war&quot;}\" data-sheets-hyperlink=\"https:\/\/www.comment-jouer-sur-pc-a.fr\/comment-jouer-a-the-lord-of-the-rings-rise-to-war-sur-pc-ordinateur\/\"><a class=\"in-cell-link\" href=\"https:\/\/www.comment-jouer-sur-pc-a.fr\/es\/como-jugar-al-senor-de-los-anillos-rise-to-war-en-pc-ordenador\/\" target=\"_blank\" rel=\"noopener\">El Se\u00f1or de los Anillos: Rise to War<\/a><\/td>\n<\/tr>\n<tr>\n<td data-sheets-value=\"{&quot;1&quot;:2,&quot;2&quot;:&quot;Evony: The King's Return&quot;}\" data-sheets-hyperlink=\"https:\/\/www.comment-jouer-sur-pc-a.fr\/comment-jouer-a-evony-the-kings-return-sur-pc-ordinateur\/\"><a class=\"in-cell-link\" href=\"https:\/\/www.comment-jouer-sur-pc-a.fr\/es\/como-jugar-evony-the-kings-return-en-pc-computer\/\" target=\"_blank\" rel=\"noopener\">Evony: El regreso del rey<\/a><\/td>\n<\/tr>\n<tr>\n<td data-sheets-value=\"{&quot;1&quot;:2,&quot;2&quot;:&quot;State of Survival: The Zombie Apocalypse&quot;}\" data-sheets-hyperlink=\"https:\/\/www.comment-jouer-sur-pc-a.fr\/comment-jouer-a-state-of-survival-the-zombie-apocalypse-sur-pc-ordinateur\/\">\n<div>\n<div><a class=\"in-cell-link\" href=\"https:\/\/www.comment-jouer-sur-pc-a.fr\/es\/como-jugar-a-state-of-survival-the-zombie-apocalypse-en-pc-ordenador\/\" target=\"_blank\" rel=\"noopener\">Estado de supervivencia: el apocalipsis zombi<\/a><\/div>\n<\/div>\n<\/td>\n<\/tr>\n<tr>\n<td data-sheets-value=\"{&quot;1&quot;:2,&quot;2&quot;:&quot;Total War: MEDIEVAL II&quot;}\" data-sheets-hyperlink=\"https:\/\/www.comment-jouer-sur-pc-a.fr\/comment-jouer-a-total-war-medieval-ii-sur-pc-ordinateur\/\"><a class=\"in-cell-link\" href=\"https:\/\/www.comment-jouer-sur-pc-a.fr\/es\/como-jugar-total-war-medieval-ii-en-pc-ordenador\/\" target=\"_blank\" rel=\"noopener\">Guerra total: MEDIEVAL II<\/a><\/td>\n<\/tr>\n<\/tbody>\n<\/table>\n<p><span style=\"background-color: var(--color_content_background); color: var(--color_content_text); font-family: var(--typography_fonts_text);\">Para obtener informaci\u00f3n, si tiene preguntas sobre un juego en particular, podemos hacer gu\u00edas sobre este juego.<\/span>\u00a0La p\u00e1gina es \u00fatil para aquellos que buscan jugar el juego destacado. Si buscas los juegos que m\u00e1s se juegan y descargan has venido a la p\u00e1gina correcta.<\/p>","protected":false},"excerpt":{"rendered":"<p>Lista de juegos para m\u00f3vil del momento, todos los juegos para m\u00f3vil que est\u00e1n de moda ahora mismo. Te damos la lista de los juegos del momento para que puedas probarlos directamente en tu Ordenador. Juegos actuales por g\u00e9nero: Acci\u00f3n: Brawl Stars Garena Free Fire Among Us ... <a title=\"\u00a1Los juegos m\u00f3viles del momento!\" class=\"read-more\" href=\"https:\/\/www.comment-jouer-sur-pc-a.fr\/es\/juegos-para-movil-del-momento\/\" aria-label=\"Leer m\u00e1s sobre Los juegos para m\u00f3vil del momento\">Seguir leyendo<\/a><\/p>","protected":false},"author":1,"featured_media":0,"parent":0,"menu_order":0,"comment_status":"closed","ping_status":"closed","template":"","meta":{"footnotes":""},"_links":{"self":[{"href":"https:\/\/www.comment-jouer-sur-pc-a.fr\/es\/wp-json\/wp\/v2\/pages\/304"}],"collection":[{"href":"https:\/\/www.comment-jouer-sur-pc-a.fr\/es\/wp-json\/wp\/v2\/pages"}],"about":[{"href":"https:\/\/www.comment-jouer-sur-pc-a.fr\/es\/wp-json\/wp\/v2\/types\/page"}],"author":[{"embeddable":true,"href":"https:\/\/www.comment-jouer-sur-pc-a.fr\/es\/wp-json\/wp\/v2\/users\/1"}],"replies":[{"embeddable":true,"href":"https:\/\/www.comment-jouer-sur-pc-a.fr\/es\/wp-json\/wp\/v2\/comments?post=304"}],"version-history":[{"count":19,"href":"https:\/\/www.comment-jouer-sur-pc-a.fr\/es\/wp-json\/wp\/v2\/pages\/304\/revisions"}],"predecessor-version":[{"id":4204,"href":"https:\/\/www.comment-jouer-sur-pc-a.fr\/es\/wp-json\/wp\/v2\/pages\/304\/revisions\/4204"}],"wp:attachment":[{"href":"https:\/\/www.comment-jouer-sur-pc-a.fr\/es\/wp-json\/wp\/v2\/media?parent=304"}],"curies":[{"name":"wp","href":"https:\/\/api.w.org\/{rel}","templated":true}]}}