{"id":3074,"date":"2021-07-19T14:47:35","date_gmt":"2021-07-19T12:47:35","guid":{"rendered":"https:\/\/www.comment-jouer-sur-pc-a.fr\/?page_id=3074"},"modified":"2021-07-19T14:47:35","modified_gmt":"2021-07-19T12:47:35","slug":"comment-jouer-a-colorplanet-peinture-a-lhuile-coloriage-numeros-sur-pc-ordinateur","status":"publish","type":"page","link":"https:\/\/www.comment-jouer-sur-pc-a.fr\/es\/como-jugar-a-colorplanet-pintura-al-oleo-colorear-numeros-en-un-ordenador\/","title":{"rendered":"\u00bfC\u00f3mo jugar ColorPlanet: pintura al \u00f3leo, colorear por n\u00fameros en PC\/computadora?"},"content":{"rendered":"","protected":false},"excerpt":{"rendered":"","protected":false},"author":3,"featured_media":0,"parent":0,"menu_order":0,"comment_status":"closed","ping_status":"closed","template":"page-tuto-emulateur.php","meta":{"footnotes":""},"_links":{"self":[{"href":"https:\/\/www.comment-jouer-sur-pc-a.fr\/es\/wp-json\/wp\/v2\/pages\/3074"}],"collection":[{"href":"https:\/\/www.comment-jouer-sur-pc-a.fr\/es\/wp-json\/wp\/v2\/pages"}],"about":[{"href":"https:\/\/www.comment-jouer-sur-pc-a.fr\/es\/wp-json\/wp\/v2\/types\/page"}],"author":[{"embeddable":true,"href":"https:\/\/www.comment-jouer-sur-pc-a.fr\/es\/wp-json\/wp\/v2\/users\/3"}],"replies":[{"embeddable":true,"href":"https:\/\/www.comment-jouer-sur-pc-a.fr\/es\/wp-json\/wp\/v2\/comments?post=3074"}],"version-history":[{"count":2,"href":"https:\/\/www.comment-jouer-sur-pc-a.fr\/es\/wp-json\/wp\/v2\/pages\/3074\/revisions"}],"predecessor-version":[{"id":3077,"href":"https:\/\/www.comment-jouer-sur-pc-a.fr\/es\/wp-json\/wp\/v2\/pages\/3074\/revisions\/3077"}],"wp:attachment":[{"href":"https:\/\/www.comment-jouer-sur-pc-a.fr\/es\/wp-json\/wp\/v2\/media?parent=3074"}],"curies":[{"name":"wp","href":"https:\/\/api.w.org\/{rel}","templated":true}]}}